{"id":226,"date":"2025-07-02T10:09:13","date_gmt":"2025-07-02T07:09:13","guid":{"rendered":"https:\/\/elxolding.uz\/?post_type=product&#038;p=226"},"modified":"2025-07-02T10:09:14","modified_gmt":"2025-07-02T07:09:14","slug":"%d0%bc%d0%b8%d0%ba%d1%80%d0%be%d1%81%d0%ba%d0%be%d0%bf-%d0%bb%d0%b0%d0%b1%d0%be%d1%80%d0%b0%d1%82%d0%be%d1%80%d0%bd%d1%8b%d0%b9-%d1%83%d1%87%d0%b5%d0%bd%d0%b8%d1%87%d0%b5%d1%81%d0%ba%d0%b8%d0%b9","status":"publish","type":"product","link":"https:\/\/elxolding.uz\/?product=%d0%bc%d0%b8%d0%ba%d1%80%d0%be%d1%81%d0%ba%d0%be%d0%bf-%d0%bb%d0%b0%d0%b1%d0%be%d1%80%d0%b0%d1%82%d0%be%d1%80%d0%bd%d1%8b%d0%b9-%d1%83%d1%87%d0%b5%d0%bd%d0%b8%d1%87%d0%b5%d1%81%d0%ba%d0%b8%d0%b9","title":{"rendered":"\u041c\u0438\u043a\u0440\u043e\u0441\u043a\u043e\u043f \u043b\u0430\u0431\u043e\u0440\u0430\u0442\u043e\u0440\u043d\u044b\u0439 \u0443\u0447\u0435\u043d\u0438\u0447\u0435\u0441\u043a\u0438\u0439"},"content":{"rendered":"<p><span style=\"font-family: Times New Roman, serif;\"><span style=\"font-size: medium;\"><span style=\"font-size: small;\">\u041c\u0438\u043a\u0440\u043e\u0441\u043a\u043e\u043f \u043f\u0440\u0435\u0434\u043d\u0430\u0437\u043d\u0430\u0447\u0435\u043d \u0434\u043b\u044f \u0432\u0438\u0437\u0443\u0430\u043b\u044c\u043d\u043e\u0433\u043e \u043d\u0430\u0431\u043b\u044e\u0434\u0435\u043d\u0438\u044f \u043c\u0438\u043a\u0440\u043e\u043f\u0440\u0435\u043f\u0430\u0440\u0430\u0442\u043e\u0432 \u0432 \u043f\u0440\u043e\u0445\u043e\u0434\u044f\u0449\u0435\u043c \u0441\u0432\u0435\u0442\u0435.<\/span><\/span><\/span><\/p>\n<p><span style=\"font-family: Times New Roman, serif;\"><span style=\"font-size: medium;\"><strong><span style=\"font-size: small;\">\u041e\u0441\u043d\u043e\u0432\u043d\u044b\u0435 \u0442\u0435\u0445\u043d\u0438\u0447\u0435\u0441\u043a\u0438\u0435 \u0445\u0430\u0440\u0430\u043a\u0442\u0435\u0440\u0438\u0441\u0442\u0438\u043a\u0438:<\/span><\/strong><\/span><\/span><\/p>\n<ul>\n<li><span style=\"font-family: Times New Roman, serif;\"><span style=\"font-size: medium;\"><span style=\"font-size: small;\">\u0412\u0438\u0434\u0438\u043c\u043e\u0435 \u0443\u0432\u0435\u043b\u0438\u0447\u0435\u043d\u0438\u0435, \u043a\u0440\u0430\u0442: <\/span><strong><span style=\"font-size: small;\">64\u00d7, 400\u00d7, 640\u00d7<\/span><\/strong><\/span><\/span><\/li>\n<li><span style=\"font-family: Times New Roman, serif;\"><span style=\"font-size: medium;\"><span style=\"font-size: small;\">\u0422\u0438\u043f \u0441\u043c\u0435\u043d\u044b \u043e\u0431\u044a\u0435\u043a\u0442\u0438\u0432\u043e\u0432: <\/span><strong><span style=\"font-size: small;\">\u0440\u0435\u0432\u043e\u043b\u044c\u0432\u0435\u0440\u043d\u044b\u0439 \u043c\u0435\u0445\u0430\u043d\u0438\u0437\u043c<\/span><\/strong><\/span><\/span><\/li>\n<li><span style=\"font-family: Times New Roman, serif;\"><span style=\"font-size: medium;\"><span style=\"font-size: small;\">\u041e\u0431\u044a\u0435\u043a\u0442\u0438\u0432\u044b: <\/span><strong><span style=\"font-size: small;\">4\u00d7, 10\u00d7, 40\u00d7<\/span><\/strong><\/span><\/span><\/li>\n<\/ul>\n","protected":false},"excerpt":{"rendered":"<p><span style=\"font-family: Times New Roman, serif;\"><span style=\"font-size: medium;\"><span style=\"font-size: small;\">\u041c\u0438\u043a\u0440\u043e\u0441\u043a\u043e\u043f \u043f\u0440\u0435\u0434\u043d\u0430\u0437\u043d\u0430\u0447\u0435\u043d \u0434\u043b\u044f \u0432\u0438\u0437\u0443\u0430\u043b\u044c\u043d\u043e\u0433\u043e \u043d\u0430\u0431\u043b\u044e\u0434\u0435\u043d\u0438\u044f \u043c\u0438\u043a\u0440\u043e\u043f\u0440\u0435\u043f\u0430\u0440\u0430\u0442\u043e\u0432 \u0432 \u043f\u0440\u043e\u0445\u043e\u0434\u044f\u0449\u0435\u043c \u0441\u0432\u0435\u0442\u0435.<\/span><\/span><\/span><\/p>\n","protected":false},"featured_media":227,"comment_status":"open","ping_status":"closed","template":"","meta":[],"product_brand":[],"product_cat":[24],"product_tag":[],"class_list":{"0":"post-226","1":"product","2":"type-product","3":"status-publish","4":"has-post-thumbnail","6":"product_cat-biology","8":"first","9":"instock","10":"shipping-taxable","11":"product-type-simple"},"_links":{"self":[{"href":"https:\/\/elxolding.uz\/index.php?rest_route=\/wp\/v2\/product\/226","targetHints":{"allow":["GET"]}}],"collection":[{"href":"https:\/\/elxolding.uz\/index.php?rest_route=\/wp\/v2\/product"}],"about":[{"href":"https:\/\/elxolding.uz\/index.php?rest_route=\/wp\/v2\/types\/product"}],"replies":[{"embeddable":true,"href":"https:\/\/elxolding.uz\/index.php?rest_route=%2Fwp%2Fv2%2Fcomments&post=226"}],"wp:featuredmedia":[{"embeddable":true,"href":"https:\/\/elxolding.uz\/index.php?rest_route=\/wp\/v2\/media\/227"}],"wp:attachment":[{"href":"https:\/\/elxolding.uz\/index.php?rest_route=%2Fwp%2Fv2%2Fmedia&parent=226"}],"wp:term":[{"taxonomy":"product_brand","embeddable":true,"href":"https:\/\/elxolding.uz\/index.php?rest_route=%2Fwp%2Fv2%2Fproduct_brand&post=226"},{"taxonomy":"product_cat","embeddable":true,"href":"https:\/\/elxolding.uz\/index.php?rest_route=%2Fwp%2Fv2%2Fproduct_cat&post=226"},{"taxonomy":"product_tag","embeddable":true,"href":"https:\/\/elxolding.uz\/index.php?rest_route=%2Fwp%2Fv2%2Fproduct_tag&post=226"}],"curies":[{"name":"wp","href":"https:\/\/api.w.org\/{rel}","templated":true}]}}