{"id":228,"date":"2025-07-02T10:12:08","date_gmt":"2025-07-02T07:12:08","guid":{"rendered":"https:\/\/elxolding.uz\/?post_type=product&#038;p=228"},"modified":"2025-07-02T10:12:08","modified_gmt":"2025-07-02T07:12:08","slug":"%d0%bc%d0%b8%d0%ba%d1%80%d0%be%d1%81%d0%ba%d0%be%d0%bf-%d0%b1%d0%b8%d0%bd%d0%be%d0%ba%d1%83%d0%bb%d1%8f%d1%80%d0%bd%d1%8b%d0%b9","status":"publish","type":"product","link":"https:\/\/elxolding.uz\/?product=%d0%bc%d0%b8%d0%ba%d1%80%d0%be%d1%81%d0%ba%d0%be%d0%bf-%d0%b1%d0%b8%d0%bd%d0%be%d0%ba%d1%83%d0%bb%d1%8f%d1%80%d0%bd%d1%8b%d0%b9","title":{"rendered":"\u041c\u0438\u043a\u0440\u043e\u0441\u043a\u043e\u043f \u0431\u0438\u043d\u043e\u043a\u0443\u043b\u044f\u0440\u043d\u044b\u0439"},"content":{"rendered":"<p class=\"western\"><span style=\"color: #000000;\"><span style=\"font-family: Times New Roman, serif;\"><span style=\"font-size: small;\">\u041c\u0438\u043a\u0440\u043e\u0441\u043a\u043e\u043f \u0440\u0430\u0441\u0441\u0447\u0438\u0442\u0430\u043d \u043d\u0430 \u0434\u043b\u0438\u043d\u0443 \u0442\u0443\u0431\u0443\u0441\u0430 160 \u043c\u043c, \u0441 \u0438\u0441\u043f\u043e\u043b\u044c\u0437\u043e\u0432\u0430\u043d\u0438\u0435\u043c \u043e\u0431\u044a\u0435\u043a\u0442\u0438\u0432\u043e\u0432 \u0441\u0442\u0430\u043d\u0434\u0430\u0440\u0442\u0430 DIN.<\/span><\/span><\/span><\/p>\n<p class=\"western\"><span style=\"color: #000000;\"><span style=\"font-family: Times New Roman, serif;\"><span style=\"font-size: small;\"><b>\u0422\u0435\u0445\u043d\u0438\u0447\u0435\u0441\u043a\u0438\u0435 \u0445\u0430\u0440\u0430\u043a\u0442\u0435\u0440\u0438\u0441\u0442\u0438\u043a\u0438:<\/b><\/span><\/span><\/span><\/p>\n<p class=\"western\"><span style=\"color: #000000;\"><span style=\"font-family: Times New Roman, serif;\"><span style=\"font-size: small;\">\u0423\u0432\u0435\u043b\u0438\u0447\u0435\u043d\u0438\u0435 \u043c\u0438\u043a\u0440\u043e\u0441\u043a\u043e\u043f\u0430, \u043a\u0440\u0430\u0442: 40\u20131000<\/span><\/span><\/span><\/p>\n<p class=\"western\"><span style=\"color: #000000;\"><span style=\"font-family: Times New Roman, serif;\"><span style=\"font-size: small;\">\u0420\u0435\u0432\u043e\u043b\u044c\u0432\u0435\u0440\u043d\u043e\u0435 \u0443\u0441\u0442\u0440\u043e\u0439\u0441\u0442\u0432\u043e: \u043d\u0430 3 \u043e\u0431\u044a\u0435\u043a\u0442\u0438\u0432\u0430<\/span><\/span><\/span><\/p>\n<p class=\"western\"><span style=\"color: #000000;\"><span style=\"font-family: Times New Roman, serif;\"><span style=\"font-size: small;\">\u041e\u0431\u044a\u0435\u043a\u0442\u0438\u0432\u044b (\u0430\u0445\u0440\u043e\u043c\u0430\u0442\u0438\u0447\u0435\u0441\u043a\u0438\u0435):4\u00d7, 10\u00d7, 40\u00d7<\/span><\/span><\/span><\/p>\n<p class=\"western\"><span style=\"color: #000000;\"><span style=\"font-family: Times New Roman, serif;\"><span style=\"font-size: small;\">\u0412\u0438\u0437\u0443\u0430\u043b\u044c\u043d\u0430\u044f \u043d\u0430\u0441\u0430\u0434\u043a\u0430: \u0431\u0438\u043d\u043e\u043a\u0443\u043b\u044f\u0440\u043d\u0430\u044f<\/span><\/span><\/span><\/p>\n<p class=\"western\"><span style=\"color: #000000;\"><span style=\"font-family: Times New Roman, serif;\"><span style=\"font-size: small;\">\u0423\u0433\u043e\u043b \u043d\u0430\u043a\u043b\u043e\u043d\u0430 \u0432\u0438\u0437\u0443\u0430\u043b\u044c\u043d\u043e\u0439 \u043d\u0430\u0441\u0430\u0434\u043a\u0438: 30\u00b0<\/span><\/span><\/span><\/p>\n<p class=\"western\"><span style=\"color: #000000;\"><span style=\"font-family: Times New Roman, serif;\"><span style=\"font-size: small;\">\u041c\u0435\u0436\u0437\u0440\u0430\u0447\u043a\u043e\u0432\u043e\u0435 \u0440\u0430\u0441\u0441\u0442\u043e\u044f\u043d\u0438\u0435: \u0440\u0435\u0433\u0443\u043b\u0438\u0440\u0443\u0435\u043c\u043e\u0435, 55\u201375 \u043c\u043c<\/span><\/span><\/span><\/p>\n<p class=\"western\"><span style=\"color: #000000;\"><span style=\"font-family: Times New Roman, serif;\"><span style=\"font-size: small;\">\u041a\u043e\u043d\u0434\u0435\u043d\u0441\u043e\u0440: \u0446\u0435\u043d\u0442\u0440\u0438\u0440\u0443\u0435\u043c\u044b\u0439, \u0410\u0431\u0431\u0435, \u0447\u0438\u0441\u043b\u043e\u0432\u0430\u044f \u0430\u043f\u0435\u0440\u0442\u0443\u0440\u0430 1,25<\/span><\/span><\/span><\/p>\n<p class=\"western\"><span style=\"color: #000000;\"><span style=\"font-family: Times New Roman, serif;\"><span style=\"font-size: small;\">\u041f\u0440\u0435\u0434\u043c\u0435\u0442\u043d\u044b\u0439 \u0441\u0442\u043e\u043b\u0438\u043a: \u043d\u0435 \u043c\u0435\u043d\u0435\u0435 100\u00d7100 \u043c\u043c<\/span><\/span><\/span><\/p>\n<p class=\"western\"><span style=\"color: #000000;\"><span style=\"font-family: Times New Roman, serif;\"><span style=\"font-size: small;\">\u0414\u0438\u0430\u043f\u0430\u0437\u043e\u043d \u043f\u0435\u0440\u0435\u043c\u0435\u0449\u0435\u043d\u0438\u044f \u043f\u0440\u0435\u043f\u0430\u0440\u0430\u0442\u0430: 80\u00d750 \u043c\u043c<\/span><\/span><\/span><\/p>\n<p class=\"western\"><span style=\"color: #000000;\"><span style=\"font-family: Times New Roman, serif;\"><span style=\"font-size: small;\">\u0418\u0441\u0442\u043e\u0447\u043d\u0438\u043a \u0441\u0432\u0435\u0442\u0430: \u0433\u0430\u043b\u043e\u0433\u0435\u043d\u043e\u0432\u0430\u044f \u043b\u0430\u043c\u043f\u0430 6 \u0412 \/ 20 \u0412\u0442<\/span><\/span><\/span><\/p>\n<p class=\"western\"><span style=\"color: #000000;\"><span style=\"font-family: Times New Roman, serif;\"><span style=\"font-size: small;\">\u0418\u0441\u0442\u043e\u0447\u043d\u0438\u043a \u043f\u0438\u0442\u0430\u043d\u0438\u044f: \u0441\u0435\u0442\u044c \u043f\u0435\u0440\u0435\u043c\u0435\u043d\u043d\u043e\u0433\u043e \u0442\u043e\u043a\u0430 220 \u0412, 50 \u0413\u0446<\/span><\/span><\/span><\/p>\n","protected":false},"excerpt":{"rendered":"<p class=\"western\"><span style=\"color: #000000;\"><span style=\"font-family: Times New Roman, serif;\"><span style=\"font-size: small;\">\u041c\u0438\u043a\u0440\u043e\u0441\u043a\u043e\u043f \u0440\u0430\u0441\u0441\u0447\u0438\u0442\u0430\u043d \u043d\u0430 \u0434\u043b\u0438\u043d\u0443 \u0442\u0443\u0431\u0443\u0441\u0430 160 \u043c\u043c, \u0441 \u0438\u0441\u043f\u043e\u043b\u044c\u0437\u043e\u0432\u0430\u043d\u0438\u0435\u043c \u043e\u0431\u044a\u0435\u043a\u0442\u0438\u0432\u043e\u0432 \u0441\u0442\u0430\u043d\u0434\u0430\u0440\u0442\u0430 DIN.<\/span><\/span><\/span><\/p>\n","protected":false},"featured_media":229,"comment_status":"open","ping_status":"closed","template":"","meta":[],"product_brand":[],"product_cat":[24],"product_tag":[],"class_list":{"0":"post-228","1":"product","2":"type-product","3":"status-publish","4":"has-post-thumbnail","6":"product_cat-biology","8":"first","9":"instock","10":"shipping-taxable","11":"product-type-simple"},"_links":{"self":[{"href":"https:\/\/elxolding.uz\/index.php?rest_route=\/wp\/v2\/product\/228","targetHints":{"allow":["GET"]}}],"collection":[{"href":"https:\/\/elxolding.uz\/index.php?rest_route=\/wp\/v2\/product"}],"about":[{"href":"https:\/\/elxolding.uz\/index.php?rest_route=\/wp\/v2\/types\/product"}],"replies":[{"embeddable":true,"href":"https:\/\/elxolding.uz\/index.php?rest_route=%2Fwp%2Fv2%2Fcomments&post=228"}],"wp:featuredmedia":[{"embeddable":true,"href":"https:\/\/elxolding.uz\/index.php?rest_route=\/wp\/v2\/media\/229"}],"wp:attachment":[{"href":"https:\/\/elxolding.uz\/index.php?rest_route=%2Fwp%2Fv2%2Fmedia&parent=228"}],"wp:term":[{"taxonomy":"product_brand","embeddable":true,"href":"https:\/\/elxolding.uz\/index.php?rest_route=%2Fwp%2Fv2%2Fproduct_brand&post=228"},{"taxonomy":"product_cat","embeddable":true,"href":"https:\/\/elxolding.uz\/index.php?rest_route=%2Fwp%2Fv2%2Fproduct_cat&post=228"},{"taxonomy":"product_tag","embeddable":true,"href":"https:\/\/elxolding.uz\/index.php?rest_route=%2Fwp%2Fv2%2Fproduct_tag&post=228"}],"curies":[{"name":"wp","href":"https:\/\/api.w.org\/{rel}","templated":true}]}}